{"id":1739,"date":"2016-06-02T07:00:53","date_gmt":"2016-06-02T06:00:53","guid":{"rendered":"http:\/\/demo.goodlayers.com\/infinite\/homepages\/medical\/?page_id=1326"},"modified":"2025-09-22T13:10:43","modified_gmt":"2025-09-22T12:10:43","slug":"homepage-medical","status":"publish","type":"page","link":"https:\/\/praxis.sandravaneldik.de\/pages\/","title":{"rendered":""},"content":{"rendered":"\n<div style=\"text-align:center\" class=\"wp-block-genesis-blocks-gb-cta gb-block-cta\"><div class=\"gb-cta-content\"><h2 class=\"gb-cta-title gb-font-size-32\" style=\"color:#32373c\">Erfahre, wie K\u00f6rpertherapie, Hypnose und TRIMB dir helfen k\u00f6nnen \u2013 kostenloses Infogespr\u00e4ch buchen<\/h2><div class=\"gb-cta-text gb-font-size-32\" style=\"color:#32373c\"><p>0176 38 67 34 67<\/p><\/div><\/div><div class=\"gb-cta-button\"><a href=\"mailto:mail@sandravaneldik.de\" target=\"_self\" rel=\"noopener noreferrer\" class=\"gb-button gb-button-shape-rounded gb-button-size-medium\" style=\"color:#ffffff;background-color:#f2e2dd\">Schreib mir eine nachricht<\/a><\/div><\/div>\n\n\n\n<div class=\"wp-block-media-text is-stacked-on-mobile\"><figure class=\"wp-block-media-text__media\"><img decoding=\"async\" loading=\"lazy\" width=\"768\" height=\"1024\" src=\"https:\/\/praxis.sandravaneldik.de\/pages\/wp-content\/uploads\/2025\/09\/Sandra-van-Eldik-1-768x1024.jpg\" alt=\"\" class=\"wp-image-4690 size-full\" srcset=\"https:\/\/praxis.sandravaneldik.de\/pages\/wp-content\/uploads\/2025\/09\/Sandra-van-Eldik-1-768x1024.jpg 768w, https:\/\/praxis.sandravaneldik.de\/pages\/wp-content\/uploads\/2025\/09\/Sandra-van-Eldik-1-225x300.jpg 225w, https:\/\/praxis.sandravaneldik.de\/pages\/wp-content\/uploads\/2025\/09\/Sandra-van-Eldik-1.jpg 960w\" sizes=\"(max-width: 768px) 100vw, 768px\" \/><\/figure><div class=\"wp-block-media-text__content\">\n<p><\/p>\n\n\n\n<h3 class=\"wp-block-heading\">Ich bin Sandra van Eldik \u2013 Heilpraktikerin f\u00fcr Psychotherapie und Dipl. Sozialp\u00e4dagogin im Reitweg 1 in Veitsbronn-Siegelsdorf.<\/h3>\n\n\n\n<p><em><a href=\"https:\/\/praxis.sandravaneldik.de\/pages\/uber-mich-sandra-van-eldik\/\" data-type=\"URL\" data-id=\"https:\/\/praxis.sandravaneldik.de\/pages\/uber-mich-sandra-van-eldik\/\">\u00dcber mich<\/a><\/em><\/p>\n\n\n\n<p><\/p>\n<\/div><\/div>\n\n\n\n<h2 class=\"wp-block-heading has-text-align-center\">Ich begleite Frauen, M\u00e4nner und Paare aus Veitsbronn, F\u00fcrth, Erlangen und Umgebung <strong>vor Ort <\/strong>und <strong>online <\/strong><mark style=\"background-color:rgba(0, 0, 0, 0)\" class=\"has-inline-color has-accent-color\"><strong>traumasensibel, k\u00f6rper- &amp; nervensystemorientiert<\/strong><\/mark> mit <strong><mark style=\"background-color:rgba(0, 0, 0, 0)\" class=\"has-inline-color has-accent-color\">imaginativen Verfahren <\/mark><\/strong>und <mark style=\"background-color:rgba(0, 0, 0, 0)\" class=\"has-inline-color has-accent-color\"><strong>TRIMB<\/strong> <\/mark>(= Behutsame Traumaintegration mit Imagination, Atem und Bewegung)<\/h2>\n\n\n\n<p><strong><a href=\"https:\/\/praxis.sandravaneldik.de\/pages\/depression_aengste\/\">Mehr Erfahren ..<\/a><\/strong><\/p>\n\n\n\n<div class=\"wp-block-media-text is-stacked-on-mobile\" style=\"grid-template-columns:47% auto\"><figure class=\"wp-block-media-text__media\"><img decoding=\"async\" loading=\"lazy\" width=\"720\" height=\"724\" src=\"https:\/\/praxis.sandravaneldik.de\/pages\/wp-content\/uploads\/2023\/05\/photo_2023-05-24_19-58-09.jpg\" alt=\"Bild von einem Kerzenhalter in Lotusform\" class=\"wp-image-4252 size-full\" srcset=\"https:\/\/praxis.sandravaneldik.de\/pages\/wp-content\/uploads\/2023\/05\/photo_2023-05-24_19-58-09.jpg 720w, https:\/\/praxis.sandravaneldik.de\/pages\/wp-content\/uploads\/2023\/05\/photo_2023-05-24_19-58-09-298x300.jpg 298w, https:\/\/praxis.sandravaneldik.de\/pages\/wp-content\/uploads\/2023\/05\/photo_2023-05-24_19-58-09-150x150.jpg 150w, https:\/\/praxis.sandravaneldik.de\/pages\/wp-content\/uploads\/2023\/05\/photo_2023-05-24_19-58-09-75x75.jpg 75w\" sizes=\"(max-width: 720px) 100vw, 720px\" \/><\/figure><div class=\"wp-block-media-text__content\">\n<p><\/p>\n\n\n\n<p><\/p>\n\n\n\n<h3 class=\"wp-block-heading\"><strong>Befreiung statt endloses Reden \u2013 eine Therapie, die Ver\u00e4nderung erm\u00f6glicht<\/strong><\/h3>\n\n\n\n<p>Stell dir vor, du m\u00fcsstest nicht l\u00e4nger Sitzung f\u00fcr Sitzung \u201edar\u00fcber reden\u201c. Stattdessen w\u00fcrdest du die tiefen Zusammenh\u00e4nge deiner K\u00f6rperreaktionen verstehen \u2013 als sinnvolle Antworten auf das, was du erlebt hast. Die belastenden Erfahrungen deiner Vergangenheit verlieren ihre negative Kraft, und du gewinnst die F\u00e4higkeit, bewusst zu reagieren, statt automatisch zu leiden.<\/p>\n\n\n\n<p>Stell dir vor, unangenehme oder \u00fcberw\u00e4ltigende Gef\u00fchle k\u00f6nnten sich wandeln. Du h\u00e4ttest die Wahl, wie du damit umgehst \u2013 anstatt von ihnen bestimmt zu werden. Du k\u00f6nntest dich in deine innere Welt hineinentspannen und eine ganz neue, liebevolle Beziehung zu dir selbst aufbauen.<\/p>\n\n\n\n<p>Diese Ver\u00e4nderung ist nachhaltig. Die Energie, die zuvor in alten Mustern gebunden war, steht dir pl\u00f6tzlich f\u00fcr dein Leben, deine Beziehungen und deine Zukunft zur Verf\u00fcgung.<\/p>\n\n\n\n<p>Bist du bereit, einen echten Schritt zu gehen \u2013 f\u00fcr einen begleiteten, sanften Weg, frei von Druck und ohne erzwungene Traumakonfrontation?<\/p>\n\n\n\n<p>\ud83d\udc9b Es gibt einen liebevollen Weg <strong>mit dir<\/strong> \u2013 statt gegen dich.<\/p>\n\n\n\n<p><strong><mark style=\"background-color:rgba(0, 0, 0, 0)\" class=\"has-inline-color has-accent-color\"><a href=\"https:\/\/praxis.sandravaneldik.de\/pages\/depression_aengste\/\" data-type=\"URL\" data-id=\"https:\/\/praxis.sandravaneldik.de\/pages\/depression_aengste\/\">Mehr Erfahren ..<\/a><\/mark><a href=\"https:\/\/praxis.sandravaneldik.de\/pages\/depression_aengste\/\" data-type=\"URL\" data-id=\"https:\/\/praxis.sandravaneldik.de\/pages\/depression_aengste\/\">.<\/a><\/strong>.<\/p>\n<\/div><\/div>\n\n\n\n<hr class=\"wp-block-separator has-alpha-channel-opacity\"\/>\n\n\n\n<h3 class=\"wp-block-heading has-text-align-left\">Mit diesen Themen begleite ich dich gerne:<\/h3>\n\n\n\n<ul>\n<li>\u00c4ngste, Depression, Ersch\u00f6pfung und Lebenskrisen <\/li>\n<\/ul>\n\n\n\n<ul>\n<li>Geburtstrauma aufarbeiten und\/oder auf eine weitere Geburt vorbereiten<\/li>\n<\/ul>\n\n\n\n<ul>\n<li>TBP f\u00fcr Paare (Traumaintegrative, bindungsbasierte, embodiment- und polyvagalinformierte Paartherapie) <\/li>\n<\/ul>\n\n\n\n<ul>\n<li>1 x im Monat Frauenkreis &amp; Retreats<\/li>\n<\/ul>\n\n\n\n<h3 class=\"wp-block-heading has-text-align-left\"> <\/h3>\n\n\n\n<hr class=\"wp-block-separator has-alpha-channel-opacity\"\/>\n\n\n\n<div style=\"text-align:center\" class=\"wp-block-genesis-blocks-gb-cta gb-block-cta\"><div class=\"gb-cta-content\"><h2 class=\"gb-cta-title gb-font-size-32\" style=\"color:#32373c\">Erfahre, wie Hypnose und TRIMB dir helfen k\u00f6nnen \u2013 kostenloses Infogespr\u00e4ch buchen<\/h2><div class=\"gb-cta-text gb-font-size-32\" style=\"color:#32373c\"><p>0176 38 67 34 67<\/p><\/div><\/div><div class=\"gb-cta-button\"><a href=\"mailto:mail@sandravaneldik.de\" target=\"_self\" rel=\"noopener noreferrer\" class=\"gb-button gb-button-shape-rounded gb-button-size-medium\" style=\"color:#ffffff;background-color:#f2e2dd\">Schreib mir eine nachricht<\/a><\/div><\/div>\n\n\n\n<p class=\"has-text-align-center\"><\/p>\n\n\n\n<div class=\"wp-block-group is-layout-constrained\"><div class=\"wp-block-group__inner-container\">\n<div class=\"wp-block-columns alignwide is-layout-flex wp-container-4\">\n<div class=\"wp-block-column is-layout-flow\" style=\"flex-basis:25%\"><\/div>\n\n\n\n<div class=\"wp-block-column is-layout-flow\" style=\"flex-basis:50%\">\n<figure class=\"wp-block-image size-large\"><a href=\"https:\/\/praxis.sandravaneldik.de\/pages\/wp-content\/uploads\/2022\/07\/quote.jpg\"><img decoding=\"async\" loading=\"lazy\" width=\"1024\" height=\"1024\" src=\"https:\/\/praxis.sandravaneldik.de\/pages\/wp-content\/uploads\/2022\/07\/quote-1024x1024.jpg\" alt=\"\" class=\"wp-image-3667\" srcset=\"https:\/\/praxis.sandravaneldik.de\/pages\/wp-content\/uploads\/2022\/07\/quote-1024x1024.jpg 1024w, https:\/\/praxis.sandravaneldik.de\/pages\/wp-content\/uploads\/2022\/07\/quote-300x300.jpg 300w, https:\/\/praxis.sandravaneldik.de\/pages\/wp-content\/uploads\/2022\/07\/quote-150x150.jpg 150w, https:\/\/praxis.sandravaneldik.de\/pages\/wp-content\/uploads\/2022\/07\/quote-768x768.jpg 768w, https:\/\/praxis.sandravaneldik.de\/pages\/wp-content\/uploads\/2022\/07\/quote.jpg 1080w\" sizes=\"(max-width: 1024px) 100vw, 1024px\" \/><\/a><\/figure>\n<\/div>\n\n\n\n<div class=\"wp-block-column is-layout-flow\" style=\"flex-basis:25%\"><\/div>\n<\/div>\n\n\n\n<hr class=\"wp-block-separator has-css-opacity is-style-default\"\/>\n\n\n\n<p><\/p>\n<\/div><\/div>\n\n\n\n<div class=\"wp-block-media-text is-stacked-on-mobile\" style=\"grid-template-columns:49% auto\"><figure class=\"wp-block-media-text__media\"><img decoding=\"async\" loading=\"lazy\" width=\"768\" height=\"1024\" src=\"https:\/\/praxis.sandravaneldik.de\/pages\/wp-content\/uploads\/2023\/05\/photo_2023-05-26_20-34-58-768x1024.jpg\" alt=\"\" class=\"wp-image-4442 size-full\" srcset=\"https:\/\/praxis.sandravaneldik.de\/pages\/wp-content\/uploads\/2023\/05\/photo_2023-05-26_20-34-58-768x1024.jpg 768w, https:\/\/praxis.sandravaneldik.de\/pages\/wp-content\/uploads\/2023\/05\/photo_2023-05-26_20-34-58-225x300.jpg 225w, https:\/\/praxis.sandravaneldik.de\/pages\/wp-content\/uploads\/2023\/05\/photo_2023-05-26_20-34-58.jpg 960w\" sizes=\"(max-width: 768px) 100vw, 768px\" \/><\/figure><div class=\"wp-block-media-text__content\">\n<h4 class=\"wp-block-heading\"><mark style=\"background-color:rgba(0, 0, 0, 0)\" class=\"has-inline-color has-accent-color\">Ich arbeite mit TRIMB (Trauma-Integration mit Atmung, Bewegung und Imagination)<\/mark><\/h4>\n\n\n\n<h4 class=\"wp-block-heading\">TRIMB<\/h4>\n\n\n\n<ul>\n<li>&#8230;ist eine behutsame Methode zur &#8222;Traumaentgiftung&#8220;<\/li>\n\n\n\n<li>&#8230;bezieht Imagination, Atmung und lateralisierende Kopfbewegungen mit ein<\/li>\n\n\n\n<li>&#8230;wirkt gezielt und nachhaltig<\/li>\n\n\n\n<li>&#8230;ist als therapeutische Methode anerkannt und zugelassen<\/li>\n\n\n\n<li>&#8230;hilft Traumaerinnerungen und Trigger zu prozessieren und zu entsch\u00e4rfen<\/li>\n\n\n\n<li>&#8230;bewirkt Entlastung und Stabilisierung<\/li>\n\n\n\n<li>&#8230;verbessert Selbststeuerung und Selbstwirksamkeitserleben<\/li>\n\n\n\n<li>&#8230;hat das Ziel das Schwere leichter zu machen&#8230;.<\/li>\n<\/ul>\n\n\n\n<p><a href=\"https:\/\/praxis.sandravaneldik.de\/pages\/uber-mich-sandra-van-eldik\/\">Erfahre hier mehr \u00fcber mich<\/a><\/p>\n<\/div><\/div>\n\n\n\n<div class=\"wp-block-media-text is-stacked-on-mobile\"><figure class=\"wp-block-media-text__media\"><img decoding=\"async\" loading=\"lazy\" width=\"1024\" height=\"768\" src=\"https:\/\/praxis.sandravaneldik.de\/pages\/wp-content\/uploads\/2023\/05\/photo_2023-05-25_20-54-37-1024x768.jpg\" alt=\"\" class=\"wp-image-4379 size-full\" srcset=\"https:\/\/praxis.sandravaneldik.de\/pages\/wp-content\/uploads\/2023\/05\/photo_2023-05-25_20-54-37-1024x768.jpg 1024w, https:\/\/praxis.sandravaneldik.de\/pages\/wp-content\/uploads\/2023\/05\/photo_2023-05-25_20-54-37-300x225.jpg 300w, https:\/\/praxis.sandravaneldik.de\/pages\/wp-content\/uploads\/2023\/05\/photo_2023-05-25_20-54-37-768x576.jpg 768w, https:\/\/praxis.sandravaneldik.de\/pages\/wp-content\/uploads\/2023\/05\/photo_2023-05-25_20-54-37.jpg 1280w\" sizes=\"(max-width: 1024px) 100vw, 1024px\" \/><\/figure><div class=\"wp-block-media-text__content\">\n<h4 class=\"wp-block-heading\"><mark style=\"background-color:rgba(0, 0, 0, 0)\" class=\"has-inline-color has-accent-color\">Ich arbeite mit Hypnose (Arbeit mit unterbewussten Anteilen, dem autonomen Nervensystem) mit der Sicht der Polyvagal-Theorie<\/mark><\/h4>\n\n\n\n<h4 class=\"wp-block-heading\">Hypnose<\/h4>\n\n\n\n<ul>\n<li>&#8230;ist eine \u201eErfahrungs\u201c \u2013 Kurzzeittherapieform<\/li>\n\n\n\n<li>&#8230;erm\u00f6glicht das Arbeiten an der Ursache des Problems<\/li>\n\n\n\n<li>&#8230;wirkt gezielt und nachhaltig<\/li>\n\n\n\n<li>&#8230;ist als therapeutische Methode anerkannt und zugelassen<\/li>\n\n\n\n<li>&#8230;durch wissenschaftliche und internationale Forschungen belegt<\/li>\n\n\n\n<li>&#8230;bewirkt eine physische und psychische Entkrampfung und Entspannung<\/li>\n<\/ul>\n<\/div><\/div>\n\n\n\n<hr class=\"wp-block-separator has-css-opacity is-style-default\"\/>\n\n\n\n<h2 class=\"wp-block-heading\">Meine Praxis liegt in <strong>Veitsbronn<\/strong>, gut erreichbar aus <strong>F\u00fcrth, Zirndorf und Seukendorf<\/strong>. Freie Therapiepl\u00e4tze derzeit Freitags &#8211; gerne einfach eine Mail schreiben oder per Telefon anfragen. <\/h2>\n\n\n\n<div class=\"wp-block-query is-layout-flow\"><ul class=\"is-flex-container columns-3 wp-block-post-template is-layout-flow\"><li class=\"wp-block-post post-3417 post type-post status-publish format-standard category-allgemein category-erfahrungsbericht-hypnomentale-geburtsvorbereitung category-erfahrungsbericht-therapie entry one-third\">\n\n<div class=\"wp-block-group is-layout-flow\" style=\"padding-top:30px;padding-right:30px;padding-bottom:30px;padding-left:30px\"><div class=\"wp-block-group__inner-container\"><h2 class=\"wp-block-post-title\"><a href=\"https:\/\/praxis.sandravaneldik.de\/pages\/es-zeigen-sich-positive-auswirkungen-in-allen-bereichen-meines-lebens-vor-allem-in-meinen-beziehungen\/\" target=\"_self\" >&#8222;&#8230;es zeigen sich positive Auswirkungen in allen Bereichen meines Lebens, vor allem in meinen Beziehungen&#8220;<\/a><\/h2>\n\n<div class=\"wp-block-post-excerpt\"><p class=\"wp-block-post-excerpt__excerpt\">Erfahrungsbericht einer Klientin: \u201eDie f\u00fcnf Sitzungen mit Sandra van Eldik waren das Wertvollste, was ich an Therapie bisher gemacht habe. Mit Hilfe der traumaaufl\u00f6senden Hypnose konnten wir mehrere tiefe Verwundungen aus meiner fr\u00fchesten Kindheit in die Heilung bringen, die mein Leben vorher unbewusst beeinflusst und zu gro\u00dfem Leidensdruck in mir gef\u00fchrt hatten. Die Energie, die&hellip; <\/p><\/div>\n\n<div class=\"wp-block-post-date\"><time datetime=\"2022-03-23T11:43:41+01:00\">23 M\u00e4rz, 2022<\/time><\/div><\/div><\/div>\n\n<\/li><li class=\"wp-block-post post-3413 post type-post status-publish format-standard category-allgemein category-erfahrungsbericht-hypnomentale-geburtsvorbereitung category-schwangersein entry one-third\">\n\n<div class=\"wp-block-group is-layout-flow\" style=\"padding-top:30px;padding-right:30px;padding-bottom:30px;padding-left:30px\"><div class=\"wp-block-group__inner-container\"><h2 class=\"wp-block-post-title\"><a href=\"https:\/\/praxis.sandravaneldik.de\/pages\/ueber-die-geburt-hinaus-ist-mir-dein-coaching-ein-wertvoller-beitrag-in-meinem-leben\/\" target=\"_self\" >&#8222;\u00dcber die Geburt hinaus ist mir dein Coaching ein wertvoller Beitrag in meinem Leben :)&#8220;<\/a><\/h2>\n\n<div class=\"wp-block-post-excerpt\"><p class=\"wp-block-post-excerpt__excerpt\">Es folgt ein Erfahrungsbericht einer Mutter, die nach einer erstern schwierigen Geburt zur Geburtsvorbereitung in der 2. Schwangerschaft zu mir kam. Vielen Dank f\u00fcr deine R\u00fcckmeldung! &gt;&gt;Zusammen mit Sandra habe ich mich 2020 auf die Geburt meines zweiten Sohnes vorbereitet. Ich kam zu ihr, weil meine erste Geburt schwierig und kein so sch\u00f6nes Erlebnis f\u00fcr&hellip; <\/p><\/div>\n\n<div class=\"wp-block-post-date\"><time datetime=\"2022-03-23T11:03:23+01:00\">23 M\u00e4rz, 2022<\/time><\/div><\/div><\/div>\n\n<\/li><li class=\"wp-block-post post-3343 post type-post status-publish format-standard category-erfahrungsbericht-hypnomentale-geburtsvorbereitung category-erfahrungsbericht-therapie entry one-third\">\n\n<div class=\"wp-block-group is-layout-flow\" style=\"padding-top:30px;padding-right:30px;padding-bottom:30px;padding-left:30px\"><div class=\"wp-block-group__inner-container\"><h2 class=\"wp-block-post-title\"><a href=\"https:\/\/praxis.sandravaneldik.de\/pages\/traumatische-geburtserfahrung-verarbeiten-mit-hypnose\/\" target=\"_self\" >Traumatische Geburtserfahrung \u00fcberwinden: &#8222;&#8230;die [zweite] Geburt war einfach so wundersch\u00f6n&#8220;<\/a><\/h2>\n\n<div class=\"wp-block-post-excerpt\"><p class=\"wp-block-post-excerpt__excerpt\">R\u00fcckmeldung einer Frau, die bei mir schwanger mit dem zweiten Kind in der Behandlung war. Mit dem Thema traumatische Geburtserfahrung verarbeiten und hypnomentale Geburtsvorbereitung f\u00fcr die zweite Geburt. &#8222;Letztendlich ist alles gut gegangen und die Geburt war einfach so wundersch\u00f6n. Die Hebammen waren immer an meiner Seite und haben mich einfach machen lassen.. \ud83d\ude42 Ich&hellip; <\/p><\/div>\n\n<div class=\"wp-block-post-date\"><time datetime=\"2020-03-13T16:14:24+01:00\">13 M\u00e4rz, 2020<\/time><\/div><\/div><\/div>\n\n<\/li><li class=\"wp-block-post post-2153 post type-post status-publish format-standard category-erfahrungsbericht-therapie entry one-third\">\n\n<div class=\"wp-block-group is-layout-flow\" style=\"padding-top:30px;padding-right:30px;padding-bottom:30px;padding-left:30px\"><div class=\"wp-block-group__inner-container\"><h2 class=\"wp-block-post-title\"><a href=\"https:\/\/praxis.sandravaneldik.de\/pages\/ich-habe-diese-hypnose-als-etwas-unbeschreibliches-erlebt\/\" target=\"_self\" >&#8222;Ich habe diese Hypnose als etwas Unbeschreibliches erlebt&#8220;<\/a><\/h2>\n\n<div class=\"wp-block-post-excerpt\"><p class=\"wp-block-post-excerpt__excerpt\">Thema: Flugangst und Panikattacken. Liebe Sandra, lange hat es gedauert, aber nun bekommst Du auch meinen Bericht \u00fcber die Behandlung bei dir. Es hat so lange gedauert, weil so viel passiert ist durch die Hypnose, dass ich mich nicht entscheiden konnte was nun relevant f\u00fcr den Erfahrungsbericht ist und was nicht. Ich habe mich dazu&hellip; <\/p><\/div>\n\n<div class=\"wp-block-post-date\"><time datetime=\"2017-03-10T17:12:38+01:00\">10 M\u00e4rz, 2017<\/time><\/div><\/div><\/div>\n\n<\/li><li class=\"wp-block-post post-1854 post type-post status-publish format-standard category-erfahrungsbericht-hypnomentale-geburtsvorbereitung entry one-third\">\n\n<div class=\"wp-block-group is-layout-flow\" style=\"padding-top:30px;padding-right:30px;padding-bottom:30px;padding-left:30px\"><div class=\"wp-block-group__inner-container\"><h2 class=\"wp-block-post-title\"><a href=\"https:\/\/praxis.sandravaneldik.de\/pages\/erfahrungsbericht-4\/\" target=\"_self\" >&#8222;Meine Frau wirkte die gesamte Zeit der Geburt sehr konzentriert&#8220;<\/a><\/h2>\n\n<div class=\"wp-block-post-excerpt\"><p class=\"wp-block-post-excerpt__excerpt\">&#8222;Meine Frau hat bei der Praxis f\u00fcr Lebenskreationen einen Kurs zur &#8222;Sanften Geburt&#8220; gemacht. Dieser beinhaltet auch zwei Sitzungen mit dem werdenden Vater. Ich muss gestehen, dass ich der Sache sehr skeptisch gegen\u00fcberstand. Ich konnte mit Hypnose nichts anfangen und konnte mir auch nicht vorstellen, was sie bei der Geburt bewirken kann. Im Nachhinein bin&hellip; <\/p><\/div>\n\n<div class=\"wp-block-post-date\"><time datetime=\"2016-11-23T10:42:00+01:00\">23 November, 2016<\/time><\/div><\/div><\/div>\n\n<\/li><li class=\"wp-block-post post-1852 post type-post status-publish format-standard category-erfahrungsbericht-hypnomentale-geburtsvorbereitung entry one-third\">\n\n<div class=\"wp-block-group is-layout-flow\" style=\"padding-top:30px;padding-right:30px;padding-bottom:30px;padding-left:30px\"><div class=\"wp-block-group__inner-container\"><h2 class=\"wp-block-post-title\"><a href=\"https:\/\/praxis.sandravaneldik.de\/pages\/erfahrungsbericht-3\/\" target=\"_self\" >&#8222;Unsere Tochter kam sanft und ruhig zur Welt&#8230;&#8220;<\/a><\/h2>\n\n<div class=\"wp-block-post-excerpt\"><p class=\"wp-block-post-excerpt__excerpt\">&#8222;Ich freue mich, dass ich die erste bin, die einen Erfahrungsbericht verfassen darf. Ich habe in der Praxis f\u00fcr Lebenskreationen einen Kurs zur &#8222;Sanften Geburt&#8220; besucht. Ich kam mit gro\u00dfer Spannung und vielen \u00c4ngsten beladen zur ersten Stunde. Sandra empfing mich mit soviel Herzlichkeit und Einf\u00fchlungsverm\u00f6gen, dass ich im Laufe des Kurses meine \u00c4ngste verlor&hellip; <\/p><\/div>\n\n<div class=\"wp-block-post-date\"><time datetime=\"2016-11-23T10:41:26+01:00\">23 November, 2016<\/time><\/div><\/div><\/div>\n\n<\/li><\/ul><\/div>\n\n\n\n<hr class=\"wp-block-separator has-alpha-channel-opacity\"\/>\n","protected":false},"excerpt":{"rendered":"<p>Erfahre, wie K\u00f6rpertherapie, Hypnose und TRIMB dir helfen k\u00f6nnen \u2013 kostenloses Infogespr\u00e4ch buchen 0176 38 67 34 67 Schreib mir eine nachricht Ich bin Sandra van Eldik \u2013 Heilpraktikerin f\u00fcr Psychotherapie und Dipl. Sozialp\u00e4dagogin im Reitweg 1 in Veitsbronn-Siegelsdorf. \u00dcber mich Ich begleite Frauen, M\u00e4nner und Paare aus Veitsbronn, F\u00fcrth, Erlangen und Umgebung vor Ort&hellip;<\/p>\n","protected":false},"author":4,"featured_media":0,"parent":0,"menu_order":0,"comment_status":"closed","ping_status":"closed","template":"","meta":{"_genesis_hide_title":false,"_genesis_hide_breadcrumbs":false,"_genesis_hide_singular_image":false,"_genesis_hide_footer_widgets":false,"_genesis_custom_body_class":"","_genesis_custom_post_class":"","_genesis_layout":""},"featured_image_src":null,"featured_image_src_square":null,"_links":{"self":[{"href":"https:\/\/praxis.sandravaneldik.de\/pages\/wp-json\/wp\/v2\/pages\/1739"}],"collection":[{"href":"https:\/\/praxis.sandravaneldik.de\/pages\/wp-json\/wp\/v2\/pages"}],"about":[{"href":"https:\/\/praxis.sandravaneldik.de\/pages\/wp-json\/wp\/v2\/types\/page"}],"author":[{"embeddable":true,"href":"https:\/\/praxis.sandravaneldik.de\/pages\/wp-json\/wp\/v2\/users\/4"}],"replies":[{"embeddable":true,"href":"https:\/\/praxis.sandravaneldik.de\/pages\/wp-json\/wp\/v2\/comments?post=1739"}],"version-history":[{"count":99,"href":"https:\/\/praxis.sandravaneldik.de\/pages\/wp-json\/wp\/v2\/pages\/1739\/revisions"}],"predecessor-version":[{"id":4709,"href":"https:\/\/praxis.sandravaneldik.de\/pages\/wp-json\/wp\/v2\/pages\/1739\/revisions\/4709"}],"wp:attachment":[{"href":"https:\/\/praxis.sandravaneldik.de\/pages\/wp-json\/wp\/v2\/media?parent=1739"}],"curies":[{"name":"wp","href":"https:\/\/api.w.org\/{rel}","templated":true}]}}